{"id":662,"date":"2024-09-18T12:18:25","date_gmt":"2024-09-18T12:18:25","guid":{"rendered":"https:\/\/101ledlight.com\/?page_id=662"},"modified":"2024-09-28T04:53:00","modified_gmt":"2024-09-28T04:53:00","slug":"explosion-proof-lamp-manufacturer","status":"publish","type":"page","link":"https:\/\/101ledlight.com\/pt\/products\/explosion-proof-lamp-manufacturer\/","title":{"rendered":"L\u00e2mpada \u00e0 prova de explos\u00e3o"},"content":{"rendered":"","protected":false},"excerpt":{"rendered":"","protected":false},"author":1,"featured_media":0,"parent":15,"menu_order":0,"comment_status":"closed","ping_status":"closed","template":"","meta":{"_acf_changed":false,"content-type":"","footnotes":""},"class_list":["post-662","page","type-page","status-publish","hentry"],"acf":[],"_links":{"self":[{"href":"https:\/\/101ledlight.com\/pt\/wp-json\/wp\/v2\/pages\/662","targetHints":{"allow":["GET"]}}],"collection":[{"href":"https:\/\/101ledlight.com\/pt\/wp-json\/wp\/v2\/pages"}],"about":[{"href":"https:\/\/101ledlight.com\/pt\/wp-json\/wp\/v2\/types\/page"}],"author":[{"embeddable":true,"href":"https:\/\/101ledlight.com\/pt\/wp-json\/wp\/v2\/users\/1"}],"replies":[{"embeddable":true,"href":"https:\/\/101ledlight.com\/pt\/wp-json\/wp\/v2\/comments?post=662"}],"version-history":[{"count":4,"href":"https:\/\/101ledlight.com\/pt\/wp-json\/wp\/v2\/pages\/662\/revisions"}],"predecessor-version":[{"id":995,"href":"https:\/\/101ledlight.com\/pt\/wp-json\/wp\/v2\/pages\/662\/revisions\/995"}],"up":[{"embeddable":true,"href":"https:\/\/101ledlight.com\/pt\/wp-json\/wp\/v2\/pages\/15"}],"wp:attachment":[{"href":"https:\/\/101ledlight.com\/pt\/wp-json\/wp\/v2\/media?parent=662"}],"curies":[{"name":"wp","href":"https:\/\/api.w.org\/{rel}","templated":true}]}}